{"id":3496,"date":"2018-11-22T02:35:27","date_gmt":"2018-11-22T01:35:27","guid":{"rendered":"https:\/\/llibreriamarquez.com\/contacte\/"},"modified":"2026-01-26T17:08:56","modified_gmt":"2026-01-26T16:08:56","slug":"contacte","status":"publish","type":"page","link":"https:\/\/llibreriamarquez.com\/ca\/contacte\/","title":{"rendered":"Contacte"},"content":{"rendered":"\t\t<div data-elementor-type=\"wp-page\" data-elementor-id=\"3496\" class=\"elementor elementor-3496 elementor-534\" data-elementor-post-type=\"page\">\n\t\t\t\t\t\t<section class=\"elementor-section elementor-top-section elementor-element elementor-element-04fccea elementor-section-boxed elementor-section-height-default elementor-section-height-default\" data-id=\"04fccea\" data-element_type=\"section\" data-e-type=\"section\">\n\t\t\t\t\t\t<div class=\"elementor-container elementor-column-gap-default\">\n\t\t\t\t\t<div class=\"elementor-column elementor-col-100 elementor-top-column elementor-element elementor-element-d79cb58\" data-id=\"d79cb58\" data-element_type=\"column\" data-e-type=\"column\">\n\t\t\t<div class=\"elementor-widget-wrap elementor-element-populated\">\n\t\t\t\t\t\t<div class=\"elementor-element elementor-element-ff05925 elementor-align-center elementor-widget elementor-widget-ube-heading\" data-id=\"ff05925\" data-element_type=\"widget\" data-e-type=\"widget\" data-widget_type=\"ube-heading.default\">\n\t\t\t\t<div class=\"elementor-widget-container\">\n\t\t\t\t\t<div class=\"ube-heading\">\n\t<h2 class=\"ube-heading-title\">Ponte en contacto con nosotros<\/h2><div class=\"ube-heading-description\"><p>Si tienes alguna consulta, necesitas informaci\u00f3n sobre un producto o quieres hacer un encargo especial, escr\u00edbenos o ven a visitarnos. Estaremos encantados de atenderte.<\/p><\/div><\/div>\t\t\t\t<\/div>\n\t\t\t\t<\/div>\n\t\t\t\t<section class=\"elementor-section elementor-inner-section elementor-element elementor-element-182fa26 elementor-section-boxed elementor-section-height-default elementor-section-height-default\" data-id=\"182fa26\" data-element_type=\"section\" data-e-type=\"section\">\n\t\t\t\t\t\t<div class=\"elementor-container elementor-column-gap-default\">\n\t\t\t\t\t<div class=\"elementor-column elementor-col-33 elementor-inner-column elementor-element elementor-element-d84e8c7\" data-id=\"d84e8c7\" data-element_type=\"column\" data-e-type=\"column\">\n\t\t\t<div class=\"elementor-widget-wrap elementor-element-populated\">\n\t\t\t\t\t\t<div class=\"elementor-element elementor-element-229447c ube-position-left elementor-view-default elementor-widget elementor-widget-ube-icon-box\" data-id=\"229447c\" data-element_type=\"widget\" data-e-type=\"widget\" data-widget_type=\"ube-icon-box.default\">\n\t\t\t\t<div class=\"elementor-widget-container\">\n\t\t\t\t\t<div class=\"ube-icon-box-wrapper\">\n\t<div class=\"ube-icon-box\">\n\t\t\t\t\t<div class=\"ube-ib-icon\">\n\t\t\t\t<span class=\"elementor-icon\"><svg xmlns=\"http:\/\/www.w3.org\/2000\/svg\" viewBox=\"0 0 384 512\"><path d=\"M192 96c-52.935 0-96 43.065-96 96s43.065 96 96 96 96-43.065 96-96-43.065-96-96-96zm0 160c-35.29 0-64-28.71-64-64s28.71-64 64-64 64 28.71 64 64-28.71 64-64 64zm0-256C85.961 0 0 85.961 0 192c0 77.413 26.97 99.031 172.268 309.67 9.534 13.772 29.929 13.774 39.465 0C357.03 291.031 384 269.413 384 192 384 85.961 298.039 0 192 0zm0 473.931C52.705 272.488 32 256.494 32 192c0-42.738 16.643-82.917 46.863-113.137S149.262 32 192 32s82.917 16.643 113.137 46.863S352 149.262 352 192c0 64.49-20.692 80.47-160 281.931z\"><\/path><\/svg><\/span>\t\t\t<\/div>\n\t\t\t\t\t\t\t<div class=\"ube-ib-content\">\n\t\t\t\t<h3 class=\"ube-ib-title mb-0 \"><span >Direcci\u00f3n<\/span><\/h3>\t\t\t\t\t\t\t\t\t<div class=\"ube-ib-desc mb-0 \">Llibreria M\u00e1rquez\n<br>Muralla de Sant Lloren\u00e7, 2\n<br>08302 Matar\u00f3, Barcelona<\/div>\n\t\t\t\t\t\t\t<\/div>\n\t\t\t<\/div>\n\t<\/div>\n\n\t\t\t\t<\/div>\n\t\t\t\t<\/div>\n\t\t\t\t\t<\/div>\n\t\t<\/div>\n\t\t\t\t<div class=\"elementor-column elementor-col-33 elementor-inner-column elementor-element elementor-element-360b4f9\" data-id=\"360b4f9\" data-element_type=\"column\" data-e-type=\"column\">\n\t\t\t<div class=\"elementor-widget-wrap elementor-element-populated\">\n\t\t\t\t\t\t<div class=\"elementor-element elementor-element-66a59ce ube-position-left elementor-view-default elementor-widget elementor-widget-ube-icon-box\" data-id=\"66a59ce\" data-element_type=\"widget\" data-e-type=\"widget\" data-widget_type=\"ube-icon-box.default\">\n\t\t\t\t<div class=\"elementor-widget-container\">\n\t\t\t\t\t<div class=\"ube-icon-box-wrapper\">\n\t<div class=\"ube-icon-box\">\n\t\t\t\t\t<div class=\"ube-ib-icon\">\n\t\t\t\t<span class=\"elementor-icon\"><svg xmlns=\"http:\/\/www.w3.org\/2000\/svg\" viewBox=\"0 0 512 512\"><path d=\"M487.8 24.1L387 .8c-14.7-3.4-29.8 4.2-35.8 18.1l-46.5 108.5c-5.5 12.7-1.8 27.7 8.9 36.5l53.9 44.1c-34 69.2-90.3 125.6-159.6 159.6l-44.1-53.9c-8.8-10.7-23.8-14.4-36.5-8.9L18.9 351.3C5 357.3-2.6 372.3.8 387L24 487.7C27.3 502 39.9 512 54.5 512 306.7 512 512 307.8 512 54.5c0-14.6-10-27.2-24.2-30.4zM55.1 480l-23-99.6 107.4-46 59.5 72.8c103.6-48.6 159.7-104.9 208.1-208.1l-72.8-59.5 46-107.4 99.6 23C479.7 289.7 289.6 479.7 55.1 480z\"><\/path><\/svg><\/span>\t\t\t<\/div>\n\t\t\t\t\t\t\t<div class=\"ube-ib-content\">\n\t\t\t\t<h3 class=\"ube-ib-title mb-0 \"><span >Contacto<\/span><\/h3>\t\t\t\t\t\t\t\t\t<div class=\"ube-ib-desc mb-0 \"> <div class=\"fs-15 primary-font\" style=\"color: #7e7e7e;line-height: 2.13\">\nTel\u00e9fono: <span class=\"fw-bold heading-color\">93 796 02 81<\/span>\n<br>M\u00f3vil: <span class=\"fw-bold heading-color\">659 39 68 50<\/span>\n<br>\nEmail: <span class=\"fw-bold heading-color\">llibreriamarquez@gmail.com<\/span>\n<\/div>\n                 <\/div>\n\t\t\t\t\t\t\t<\/div>\n\t\t\t<\/div>\n\t<\/div>\n\n\t\t\t\t<\/div>\n\t\t\t\t<\/div>\n\t\t\t\t\t<\/div>\n\t\t<\/div>\n\t\t\t\t<div class=\"elementor-column elementor-col-33 elementor-inner-column elementor-element elementor-element-b98e23d\" data-id=\"b98e23d\" data-element_type=\"column\" data-e-type=\"column\">\n\t\t\t<div class=\"elementor-widget-wrap elementor-element-populated\">\n\t\t\t\t\t\t<div class=\"elementor-element elementor-element-1e86718 ube-position-left elementor-view-default elementor-widget elementor-widget-ube-icon-box\" data-id=\"1e86718\" data-element_type=\"widget\" data-e-type=\"widget\" data-widget_type=\"ube-icon-box.default\">\n\t\t\t\t<div class=\"elementor-widget-container\">\n\t\t\t\t\t<div class=\"ube-icon-box-wrapper\">\n\t<div class=\"ube-icon-box\">\n\t\t\t\t\t<div class=\"ube-ib-icon\">\n\t\t\t\t<span class=\"elementor-icon\"><svg xmlns=\"http:\/\/www.w3.org\/2000\/svg\" viewBox=\"0 0 512 512\"><path d=\"M256 8C119 8 8 119 8 256s111 248 248 248 248-111 248-248S393 8 256 8zm216 248c0 118.7-96.1 216-216 216-118.7 0-216-96.1-216-216 0-118.7 96.1-216 216-216 118.7 0 216 96.1 216 216zm-148.9 88.3l-81.2-59c-3.1-2.3-4.9-5.9-4.9-9.7V116c0-6.6 5.4-12 12-12h14c6.6 0 12 5.4 12 12v146.3l70.5 51.3c5.4 3.9 6.5 11.4 2.6 16.8l-8.2 11.3c-3.9 5.3-11.4 6.5-16.8 2.6z\"><\/path><\/svg><\/span>\t\t\t<\/div>\n\t\t\t\t\t\t\t<div class=\"ube-ib-content\">\n\t\t\t\t<h3 class=\"ube-ib-title mb-0 \"><span > Horario<\/span><\/h3>\t\t\t\t\t\t\t\t\t<div class=\"ube-ib-desc mb-0 \"><div class=\"fs-15 primary-font\" style=\"color: #7e7e7e;line-height: 2.13\">\nLunes \u2013 Viernes:\n<br>10:00 \u2013 13:30 y 17:00-20:0\n<br>S\u00e1bado: 10:00 \u2013 13:30\n<br>Domingo: cerrado\n<\/div><\/div>\n\t\t\t\t\t\t\t<\/div>\n\t\t\t<\/div>\n\t<\/div>\n\n\t\t\t\t<\/div>\n\t\t\t\t<\/div>\n\t\t\t\t\t<\/div>\n\t\t<\/div>\n\t\t\t\t\t<\/div>\n\t\t<\/section>\n\t\t\t\t\t<\/div>\n\t\t<\/div>\n\t\t\t\t\t<\/div>\n\t\t<\/section>\n\t\t\t\t<section class=\"elementor-section elementor-top-section elementor-element elementor-element-61d3c88ac249c elementor-section-boxed elementor-section-height-default elementor-section-height-default\" data-id=\"61d3c88ac249c\" data-element_type=\"section\" data-e-type=\"section\">\n\t\t\t\t\t\t<div class=\"elementor-container elementor-column-gap-default\">\n\t\t\t\t\t<div class=\"elementor-column elementor-col-100 elementor-top-column elementor-element elementor-element-0459420\" data-id=\"0459420\" data-element_type=\"column\" data-e-type=\"column\">\n\t\t\t<div class=\"elementor-widget-wrap elementor-element-populated\">\n\t\t\t\t\t\t<div class=\"elementor-element elementor-element-0b3d9b4 elementor-align-center elementor-widget elementor-widget-ube-heading\" data-id=\"0b3d9b4\" data-element_type=\"widget\" data-e-type=\"widget\" data-widget_type=\"ube-heading.default\">\n\t\t\t\t<div class=\"elementor-widget-container\">\n\t\t\t\t\t<div class=\"ube-heading\">\n\t<h2 class=\"ube-heading-title\">Env\u00edanos un mensaje<\/h2><\/div>\t\t\t\t<\/div>\n\t\t\t\t<\/div>\n\t\t\t\t<div class=\"elementor-element elementor-element-83a063a elementor-button-align-stretch elementor-widget elementor-widget-form\" data-id=\"83a063a\" data-element_type=\"widget\" data-e-type=\"widget\" data-settings=\"{&quot;step_next_label&quot;:&quot;Seg\\u00fcent&quot;,&quot;step_previous_label&quot;:&quot;Anterior&quot;,&quot;button_width&quot;:&quot;100&quot;,&quot;step_type&quot;:&quot;number_text&quot;,&quot;step_icon_shape&quot;:&quot;circle&quot;}\" data-widget_type=\"form.default\">\n\t\t\t\t<div class=\"elementor-widget-container\">\n\t\t\t\t\t\t\t<form class=\"elementor-form\" method=\"post\" name=\"Formulari nou\" aria-label=\"Formulari nou\">\n\t\t\t<input type=\"hidden\" name=\"post_id\" value=\"3496\"\/>\n\t\t\t<input type=\"hidden\" name=\"form_id\" value=\"83a063a\"\/>\n\t\t\t<input type=\"hidden\" name=\"referer_title\" value=\"Contacte - Llibreria M\u00e1rquez\" \/>\n\n\t\t\t\t\t\t\t<input type=\"hidden\" name=\"queried_id\" value=\"3496\"\/>\n\t\t\t\n\t\t\t<div class=\"elementor-form-fields-wrapper elementor-labels-\">\n\t\t\t\t\t\t\t\t<div class=\"elementor-field-type-text elementor-field-group elementor-column elementor-field-group-name elementor-col-100 elementor-field-required\">\n\t\t\t\t\t\t\t\t\t\t\t\t<label for=\"form-field-name\" class=\"elementor-field-label elementor-screen-only\">\n\t\t\t\t\t\t\t\tNom\t\t\t\t\t\t\t<\/label>\n\t\t\t\t\t\t\t\t\t\t\t\t\t\t<input size=\"1\" type=\"text\" name=\"form_fields[name]\" id=\"form-field-name\" class=\"elementor-field elementor-size-sm  elementor-field-textual\" placeholder=\"Nom\" required=\"required\">\n\t\t\t\t\t\t\t\t\t\t\t<\/div>\n\t\t\t\t\t\t\t\t<div class=\"elementor-field-type-email elementor-field-group elementor-column elementor-field-group-email elementor-col-100 elementor-field-required\">\n\t\t\t\t\t\t\t\t\t\t\t\t<label for=\"form-field-email\" class=\"elementor-field-label elementor-screen-only\">\n\t\t\t\t\t\t\t\tCorreu electr\u00f2nic\t\t\t\t\t\t\t<\/label>\n\t\t\t\t\t\t\t\t\t\t\t\t\t\t<input size=\"1\" type=\"email\" name=\"form_fields[email]\" id=\"form-field-email\" class=\"elementor-field elementor-size-sm  elementor-field-textual\" placeholder=\"Correu electr\u00f2nic\" required=\"required\">\n\t\t\t\t\t\t\t\t\t\t\t<\/div>\n\t\t\t\t\t\t\t\t<div class=\"elementor-field-type-textarea elementor-field-group elementor-column elementor-field-group-message elementor-col-100 elementor-field-required\">\n\t\t\t\t\t\t\t\t\t\t\t\t<label for=\"form-field-message\" class=\"elementor-field-label elementor-screen-only\">\n\t\t\t\t\t\t\t\tMissatge\t\t\t\t\t\t\t<\/label>\n\t\t\t\t\t\t<textarea class=\"elementor-field-textual elementor-field  elementor-size-sm\" name=\"form_fields[message]\" id=\"form-field-message\" rows=\"5\" placeholder=\"Com podem ajudar-te?\" required=\"required\"><\/textarea>\t\t\t\t<\/div>\n\t\t\t\t\t\t\t\t<div class=\"elementor-field-type-acceptance elementor-field-group elementor-column elementor-field-group-field_823b464 elementor-col-100 elementor-field-required\">\n\t\t\t\t\t\t\t\t\t\t\t\t<label for=\"form-field-field_823b464\" class=\"elementor-field-label elementor-screen-only\">\n\t\t\t\t\t\t\t\tAcceptaci\u00f3\t\t\t\t\t\t\t<\/label>\n\t\t\t\t\t\t\t\t<div class=\"elementor-field-subgroup\">\n\t\t\t<span class=\"elementor-field-option\">\n\t\t\t\t<input type=\"checkbox\" name=\"form_fields[field_823b464]\" id=\"form-field-field_823b464\" class=\"elementor-field elementor-size-sm  elementor-acceptance-field\" required=\"required\">\n\t\t\t\t<label for=\"form-field-field_823b464\">He llegit i accepto la <a href=\"https:\/\/llibreriamarquez.com\/politica-de-privacidad\/\" target=\"_blank\">Pol\u00edtica de Privacitat<\/a><\/label>\t\t\t<\/span>\n\t\t<\/div>\n\t\t\t\t\t\t<\/div>\n\t\t\t\t\t\t\t\t<div class=\"elementor-field-type-recaptcha elementor-field-group elementor-column elementor-field-group-field_33d6bcb elementor-col-100\">\n\t\t\t\t\t<div class=\"elementor-field\" id=\"form-field-field_33d6bcb\"><div class=\"elementor-g-recaptcha\" data-sitekey=\"6LeyslMsAAAAAIW62E6gQUbENj7PKUEdGUyWvvMr\" data-type=\"v2_checkbox\" data-theme=\"light\" data-size=\"normal\"><\/div><\/div>\t\t\t\t<\/div>\n\t\t\t\t\t\t\t\t<div class=\"elementor-field-group elementor-column elementor-field-type-submit elementor-col-100 e-form__buttons\">\n\t\t\t\t\t<button class=\"elementor-button elementor-size-sm\" type=\"submit\">\n\t\t\t\t\t\t<span class=\"elementor-button-content-wrapper\">\n\t\t\t\t\t\t\t\t\t\t\t\t\t\t\t\t\t\t\t\t\t\t<span class=\"elementor-button-text\">Envia<\/span>\n\t\t\t\t\t\t\t\t\t\t\t\t\t<\/span>\n\t\t\t\t\t<\/button>\n\t\t\t\t<\/div>\n\t\t\t<\/div>\n\t\t<\/form>\n\t\t\t\t\t\t<\/div>\n\t\t\t\t<\/div>\n\t\t\t\t\t<\/div>\n\t\t<\/div>\n\t\t\t\t\t<\/div>\n\t\t<\/section>\n\t\t\t\t<section class=\"elementor-section elementor-top-section elementor-element elementor-element-61d3c85b684a2 elementor-section-boxed elementor-section-height-default elementor-section-height-default\" data-id=\"61d3c85b684a2\" data-element_type=\"section\" data-e-type=\"section\">\n\t\t\t\t\t\t<div class=\"elementor-container elementor-column-gap-default\">\n\t\t\t\t\t<div class=\"elementor-column elementor-col-100 elementor-top-column elementor-element elementor-element-2affba0\" data-id=\"2affba0\" data-element_type=\"column\" data-e-type=\"column\">\n\t\t\t<div class=\"elementor-widget-wrap elementor-element-populated\">\n\t\t\t\t\t\t<div class=\"elementor-element elementor-element-0465917 elementor-widget elementor-widget-google_maps\" data-id=\"0465917\" data-element_type=\"widget\" data-e-type=\"widget\" data-widget_type=\"google_maps.default\">\n\t\t\t\t<div class=\"elementor-widget-container\">\n\t\t\t\t\t\t\t<div class=\"elementor-custom-embed\">\n\t\t\t<iframe loading=\"lazy\"\n\t\t\t\t\tsrc=\"https:\/\/maps.google.com\/maps?q=Llibreria%20M%C3%A1rquez%2C%20Muralla%20de%20Sant%20Lloren%C3%A7%2C%202%2C%2008302%20Matar%C3%B3%2C%20Barcelona&#038;t=m&#038;z=15&#038;output=embed&#038;iwloc=near\"\n\t\t\t\t\ttitle=\"Llibreria M\u00e1rquez, Muralla de Sant Lloren\u00e7, 2, 08302 Matar\u00f3, Barcelona\"\n\t\t\t\t\taria-label=\"Llibreria M\u00e1rquez, Muralla de Sant Lloren\u00e7, 2, 08302 Matar\u00f3, Barcelona\"\n\t\t\t><\/iframe>\n\t\t<\/div>\n\t\t\t\t\t\t<\/div>\n\t\t\t\t<\/div>\n\t\t\t\t\t<\/div>\n\t\t<\/div>\n\t\t\t\t\t<\/div>\n\t\t<\/section>\n\t\t\t\t<\/div>\n\t\t","protected":false},"excerpt":{"rendered":"<p>Ponte en contacto con nosotros Si tienes alguna consulta, necesitas informaci\u00f3n sobre un producto o quieres hacer un encargo especial, escr\u00edbenos o ven a visitarnos. Estaremos encantados de atenderte. Direcci\u00f3n Llibreria M\u00e1rquez Muralla de Sant Lloren\u00e7, 2 08302 Matar\u00f3, Barcelona Contacto Tel\u00e9fono: 93 796 02 81 M\u00f3vil: 659 39 68 50 Email: llibreriamarquez@gmail.com Horario Lunes [&hellip;]<\/p>\n","protected":false},"author":1,"featured_media":0,"parent":0,"menu_order":0,"comment_status":"closed","ping_status":"closed","template":"elementor_header_footer","meta":{"footnotes":""},"class_list":["post-3496","page","type-page","status-publish","hentry"],"_links":{"self":[{"href":"https:\/\/llibreriamarquez.com\/ca\/wp-json\/wp\/v2\/pages\/3496","targetHints":{"allow":["GET"]}}],"collection":[{"href":"https:\/\/llibreriamarquez.com\/ca\/wp-json\/wp\/v2\/pages"}],"about":[{"href":"https:\/\/llibreriamarquez.com\/ca\/wp-json\/wp\/v2\/types\/page"}],"author":[{"embeddable":true,"href":"https:\/\/llibreriamarquez.com\/ca\/wp-json\/wp\/v2\/users\/1"}],"replies":[{"embeddable":true,"href":"https:\/\/llibreriamarquez.com\/ca\/wp-json\/wp\/v2\/comments?post=3496"}],"version-history":[{"count":1,"href":"https:\/\/llibreriamarquez.com\/ca\/wp-json\/wp\/v2\/pages\/3496\/revisions"}],"predecessor-version":[{"id":3497,"href":"https:\/\/llibreriamarquez.com\/ca\/wp-json\/wp\/v2\/pages\/3496\/revisions\/3497"}],"wp:attachment":[{"href":"https:\/\/llibreriamarquez.com\/ca\/wp-json\/wp\/v2\/media?parent=3496"}],"curies":[{"name":"wp","href":"https:\/\/api.w.org\/{rel}","templated":true}]}}