{"id":3498,"date":"2026-01-23T10:28:29","date_gmt":"2026-01-23T09:28:29","guid":{"rendered":"https:\/\/llibreriamarquez.com\/qui-som\/"},"modified":"2026-01-26T17:09:30","modified_gmt":"2026-01-26T16:09:30","slug":"qui-som","status":"publish","type":"page","link":"https:\/\/llibreriamarquez.com\/ca\/qui-som\/","title":{"rendered":"Qui som"},"content":{"rendered":"\t\t<div data-elementor-type=\"wp-page\" data-elementor-id=\"3498\" class=\"elementor elementor-3498 elementor-3167\" data-elementor-post-type=\"page\">\n\t\t\t\t\t\t<section class=\"elementor-section elementor-top-section elementor-element elementor-element-61d402d001cf6 elementor-section-boxed elementor-section-height-default elementor-section-height-default\" data-id=\"61d402d001cf6\" data-element_type=\"section\" data-e-type=\"section\">\n\t\t\t\t\t\t<div class=\"elementor-container elementor-column-gap-default\">\n\t\t\t\t\t<div class=\"elementor-column elementor-col-100 elementor-top-column elementor-element elementor-element-85986c5\" data-id=\"85986c5\" data-element_type=\"column\" data-e-type=\"column\">\n\t\t\t<div class=\"elementor-widget-wrap elementor-element-populated\">\n\t\t\t\t\t\t<div class=\"elementor-element elementor-element-31a6dc4 elementor-align-center elementor-widget elementor-widget-ube-heading\" data-id=\"31a6dc4\" data-element_type=\"widget\" data-e-type=\"widget\" data-widget_type=\"ube-heading.default\">\n\t\t\t\t<div class=\"elementor-widget-container\">\n\t\t\t\t\t<div class=\"ube-heading\">\n\t<h2 class=\"ube-heading-title\">Llibreria M\u00e1rquez<\/h2><div class=\"ube-heading-description\"><p>DESDE 1963<\/p><\/div><\/div>\t\t\t\t<\/div>\n\t\t\t\t<\/div>\n\t\t\t\t<div class=\"elementor-element elementor-element-a14d404 elementor-widget elementor-widget-text-editor\" data-id=\"a14d404\" data-element_type=\"widget\" data-e-type=\"widget\" data-widget_type=\"text-editor.default\">\n\t\t\t\t<div class=\"elementor-widget-container\">\n\t\t\t\t\t\t\t\t\t<p>El 1963, Manolo M\u00e1rquez i la seva dona obrien les portes de la Llibreria M\u00e1rquez per primera vegada a &#8220;Les Galeries&#8221;. Amb molta il\u00b7lusi\u00f3 i la voluntat de donar un servei professional al comer\u00e7 de la llibreria i la papereria. Dues generacions despr\u00e9s, a la llibreria actualment situada al cor de Matar\u00f3, a la Muralla de Sant Lloren\u00e7 n\u00famero 2, seguim donant servei a empreses locals i als nostres clients.<\/p>\n<p>La nostra llibreria \u00e9s una llibreria-papereria de les de tota la vida, de les de sempre. De les que nom\u00e9s entrar perceps l&#8217;olor a paper, a llibre nou\u2026<\/p>\n<p>Al nostre establiment es pot trobar un ampli fons de llibres i una orientaci\u00f3 i recomanaci\u00f3 personalitzada per a cada client.<\/p>\n<p>Aix\u00ed mateix, l&#8217;estoc en papereria i escriptura permet a les persones que v\u00e9nen a casa nostra triar entre el material m\u00e9s usual o submergir-se en un fant\u00e0stic m\u00f3n de colors, retoladors i articles de fantasia escollits amb afecte i detall pensant en els nostres clients, de manera que sempre puguin trobar articles nous i de tend\u00e8ncia, ja que treballem les millors marques del nostre sector.<\/p>\n<p>La p\u00e0gina web de Llibreria M\u00e1rquez no \u00e9s m\u00e9s que una actualitzaci\u00f3 i un salt cap al futur que vol portar la dedicaci\u00f3 i el treball de tres generacions a l&#8217;abast de tothom.<\/p>\t\t\t\t\t\t\t\t<\/div>\n\t\t\t\t<\/div>\n\t\t\t\t<div class=\"elementor-element elementor-element-ffcc4b6 elementor-widget elementor-widget-image\" data-id=\"ffcc4b6\" data-element_type=\"widget\" data-e-type=\"widget\" data-widget_type=\"image.default\">\n\t\t\t\t<div class=\"elementor-widget-container\">\n\t\t\t\t\t\t\t\t\t\t\t\t\t\t\t<img fetchpriority=\"high\" decoding=\"async\" width=\"2560\" height=\"1542\" src=\"https:\/\/llibreriamarquez.com\/wp-content\/uploads\/2026\/01\/Quienes-somos-scaled.webp\" class=\"attachment-full size-full wp-image-3491\" alt=\"\" srcset=\"https:\/\/llibreriamarquez.com\/wp-content\/uploads\/2026\/01\/Quienes-somos-scaled.webp 2560w, https:\/\/llibreriamarquez.com\/wp-content\/uploads\/2026\/01\/Quienes-somos-300x181.webp 300w, https:\/\/llibreriamarquez.com\/wp-content\/uploads\/2026\/01\/Quienes-somos-1024x617.webp 1024w, https:\/\/llibreriamarquez.com\/wp-content\/uploads\/2026\/01\/Quienes-somos-768x463.webp 768w, https:\/\/llibreriamarquez.com\/wp-content\/uploads\/2026\/01\/Quienes-somos-1536x925.webp 1536w, https:\/\/llibreriamarquez.com\/wp-content\/uploads\/2026\/01\/Quienes-somos-2048x1233.webp 2048w, https:\/\/llibreriamarquez.com\/wp-content\/uploads\/2026\/01\/Quienes-somos-600x361.webp 600w, https:\/\/llibreriamarquez.com\/wp-content\/uploads\/2026\/01\/Quienes-somos-220x133.webp 220w\" sizes=\"(max-width: 2560px) 100vw, 2560px\" \/>\t\t\t\t\t\t\t\t\t\t\t\t\t\t\t<\/div>\n\t\t\t\t<\/div>\n\t\t\t\t\t<\/div>\n\t\t<\/div>\n\t\t\t\t\t<\/div>\n\t\t<\/section>\n\t\t\t\t<\/div>\n\t\t","protected":false},"excerpt":{"rendered":"<p>Llibreria M\u00e1rquez DESDE 1963 El 1963, Manolo M\u00e1rquez i la seva dona obrien les portes de la Llibreria M\u00e1rquez per primera vegada a &#8220;Les Galeries&#8221;. Amb molta il\u00b7lusi\u00f3 i la voluntat de donar un servei professional al comer\u00e7 de la llibreria i la papereria. Dues generacions despr\u00e9s, a la llibreria actualment situada al cor de [&hellip;]<\/p>\n","protected":false},"author":1,"featured_media":0,"parent":0,"menu_order":0,"comment_status":"closed","ping_status":"closed","template":"elementor_header_footer","meta":{"footnotes":""},"class_list":["post-3498","page","type-page","status-publish","hentry"],"_links":{"self":[{"href":"https:\/\/llibreriamarquez.com\/ca\/wp-json\/wp\/v2\/pages\/3498","targetHints":{"allow":["GET"]}}],"collection":[{"href":"https:\/\/llibreriamarquez.com\/ca\/wp-json\/wp\/v2\/pages"}],"about":[{"href":"https:\/\/llibreriamarquez.com\/ca\/wp-json\/wp\/v2\/types\/page"}],"author":[{"embeddable":true,"href":"https:\/\/llibreriamarquez.com\/ca\/wp-json\/wp\/v2\/users\/1"}],"replies":[{"embeddable":true,"href":"https:\/\/llibreriamarquez.com\/ca\/wp-json\/wp\/v2\/comments?post=3498"}],"version-history":[{"count":1,"href":"https:\/\/llibreriamarquez.com\/ca\/wp-json\/wp\/v2\/pages\/3498\/revisions"}],"predecessor-version":[{"id":3499,"href":"https:\/\/llibreriamarquez.com\/ca\/wp-json\/wp\/v2\/pages\/3498\/revisions\/3499"}],"wp:attachment":[{"href":"https:\/\/llibreriamarquez.com\/ca\/wp-json\/wp\/v2\/media?parent=3498"}],"curies":[{"name":"wp","href":"https:\/\/api.w.org\/{rel}","templated":true}]}}