{"id":3530,"date":"2026-01-26T08:04:12","date_gmt":"2026-01-26T07:04:12","guid":{"rendered":"https:\/\/llibreriamarquez.com\/accessibilitat\/"},"modified":"2026-01-26T17:16:32","modified_gmt":"2026-01-26T16:16:32","slug":"accessibilitat","status":"publish","type":"page","link":"https:\/\/llibreriamarquez.com\/ca\/accessibilitat\/","title":{"rendered":"Accessibilitat"},"content":{"rendered":"\t\t<div data-elementor-type=\"wp-page\" data-elementor-id=\"3530\" class=\"elementor elementor-3530 elementor-3335\" data-elementor-post-type=\"page\">\n\t\t\t\t\t\t<section class=\"elementor-section elementor-top-section elementor-element elementor-element-61d402d001cf6 elementor-section-boxed elementor-section-height-default elementor-section-height-default\" data-id=\"61d402d001cf6\" data-element_type=\"section\" data-e-type=\"section\">\n\t\t\t\t\t\t<div class=\"elementor-container elementor-column-gap-default\">\n\t\t\t\t\t<div class=\"elementor-column elementor-col-100 elementor-top-column elementor-element elementor-element-85986c5\" data-id=\"85986c5\" data-element_type=\"column\" data-e-type=\"column\">\n\t\t\t<div class=\"elementor-widget-wrap elementor-element-populated\">\n\t\t\t\t\t\t<div class=\"elementor-element elementor-element-a14d404 elementor-widget__width-inherit elementor-widget elementor-widget-text-editor\" data-id=\"a14d404\" data-element_type=\"widget\" data-e-type=\"widget\" data-widget_type=\"text-editor.default\">\n\t\t\t\t<div class=\"elementor-widget-container\">\n\t\t\t\t\t\t\t\t\t<p>Queremos que todo el mundo que visite la web de Llibreria M\u00e1rquez se sienta bienvenido y encuentre la experiencia gratificante.<\/p><p>\u00bfQu\u00e9 estamos haciendo?<br>Para ayudarnos a hacer de la web de Llibreria M\u00e1rquez un sitio positivo para todos, hemos estado utilizando las Directrices de accesibilidad al contenido web (WCAG) 2.1. Estas directrices explican c\u00f3mo hacer que el contenido web sea m\u00e1s accesible para personas con discapacidad y f\u00e1cil de utilizar para todos.<\/p><p>Las directrices tienen tres niveles de accesibilidad (A, AA y AAA). Hemos escogido el nivel AA como objetivo de la web de Llibreria M\u00e1rquez.<\/p><p>\u00bfC\u00f3mo lo hacemos?<br>Hemos trabajado mucho en la web de Llibreria M\u00e1rquez y creemos que hemos alcanzado nuestro objetivo de accesibilidad de nivel AA. Supervisamos el sitio web peri\u00f3dicamente para mantenerlo, pero si encuentra alg\u00fan problema, p\u00f3ngase en contacto.<\/p><p>H\u00e1ganos saber qu\u00e9 le parece<br>Si le ha gustado utilizar la web de Llibreria M\u00e1rquez, o si ha tenido problemas con alguna parte de ella, p\u00f3ngase en contacto. Nos gustar\u00eda recibir noticias suyas de cualquiera de las siguientes formas:<\/p><p>Env\u00edanos un correo electr\u00f3nico a llibreriamarquez@gmail.com<br>Ll\u00e1manos al 937 96 02 81<br>Ponte en contacto en https:\/\/llibreriamarquez.com\/contacto<\/p>\t\t\t\t\t\t\t\t<\/div>\n\t\t\t\t<\/div>\n\t\t\t\t\t<\/div>\n\t\t<\/div>\n\t\t\t\t\t<\/div>\n\t\t<\/section>\n\t\t\t\t<\/div>\n\t\t","protected":false},"excerpt":{"rendered":"<p>Queremos que todo el mundo que visite la web de Llibreria M\u00e1rquez se sienta bienvenido y encuentre la experiencia gratificante. \u00bfQu\u00e9 estamos haciendo?Para ayudarnos a hacer de la web de Llibreria M\u00e1rquez un sitio positivo para todos, hemos estado utilizando las Directrices de accesibilidad al contenido web (WCAG) 2.1. Estas directrices explican c\u00f3mo hacer que [&hellip;]<\/p>\n","protected":false},"author":1,"featured_media":0,"parent":0,"menu_order":0,"comment_status":"closed","ping_status":"closed","template":"elementor_header_footer","meta":{"footnotes":""},"class_list":["post-3530","page","type-page","status-publish","hentry"],"_links":{"self":[{"href":"https:\/\/llibreriamarquez.com\/ca\/wp-json\/wp\/v2\/pages\/3530","targetHints":{"allow":["GET"]}}],"collection":[{"href":"https:\/\/llibreriamarquez.com\/ca\/wp-json\/wp\/v2\/pages"}],"about":[{"href":"https:\/\/llibreriamarquez.com\/ca\/wp-json\/wp\/v2\/types\/page"}],"author":[{"embeddable":true,"href":"https:\/\/llibreriamarquez.com\/ca\/wp-json\/wp\/v2\/users\/1"}],"replies":[{"embeddable":true,"href":"https:\/\/llibreriamarquez.com\/ca\/wp-json\/wp\/v2\/comments?post=3530"}],"version-history":[{"count":1,"href":"https:\/\/llibreriamarquez.com\/ca\/wp-json\/wp\/v2\/pages\/3530\/revisions"}],"predecessor-version":[{"id":3531,"href":"https:\/\/llibreriamarquez.com\/ca\/wp-json\/wp\/v2\/pages\/3530\/revisions\/3531"}],"wp:attachment":[{"href":"https:\/\/llibreriamarquez.com\/ca\/wp-json\/wp\/v2\/media?parent=3530"}],"curies":[{"name":"wp","href":"https:\/\/api.w.org\/{rel}","templated":true}]}}