{"id":3538,"date":"2026-01-26T08:04:28","date_gmt":"2026-01-26T07:04:28","guid":{"rendered":"https:\/\/llibreriamarquez.com\/politica-de-privacitat\/"},"modified":"2026-01-26T17:18:01","modified_gmt":"2026-01-26T16:18:01","slug":"politica-de-privacitat","status":"publish","type":"page","link":"https:\/\/llibreriamarquez.com\/ca\/politica-de-privacitat\/","title":{"rendered":"Pol\u00edtica de privacitat"},"content":{"rendered":"\t\t<div data-elementor-type=\"wp-page\" data-elementor-id=\"3538\" class=\"elementor elementor-3538 elementor-3337\" data-elementor-post-type=\"page\">\n\t\t\t\t\t\t<section class=\"elementor-section elementor-top-section elementor-element elementor-element-61d402d001cf6 elementor-section-boxed elementor-section-height-default elementor-section-height-default\" data-id=\"61d402d001cf6\" data-element_type=\"section\" data-e-type=\"section\">\n\t\t\t\t\t\t<div class=\"elementor-container elementor-column-gap-default\">\n\t\t\t\t\t<div class=\"elementor-column elementor-col-100 elementor-top-column elementor-element elementor-element-85986c5\" data-id=\"85986c5\" data-element_type=\"column\" data-e-type=\"column\">\n\t\t\t<div class=\"elementor-widget-wrap elementor-element-populated\">\n\t\t\t\t\t\t<div class=\"elementor-element elementor-element-a14d404 elementor-widget__width-inherit elementor-widget elementor-widget-text-editor\" data-id=\"a14d404\" data-element_type=\"widget\" data-e-type=\"widget\" data-widget_type=\"text-editor.default\">\n\t\t\t\t<div class=\"elementor-widget-container\">\n\t\t\t\t\t\t\t\t\t<h3>POL\u00cdTICA DE PRIVACIDAD DEL SITIO WEB<\/h3><p>Somos una empresa en la que la transparencia en la informaci\u00f3n es fundamental para establecer una relaci\u00f3n de confianza con las personas que forman nuestro proyecto y con nuestros proveedores y clientes, siendo la protecci\u00f3n de los datos personales de las personas que conf\u00edan en nosotros de vital importancia, por lo que queremos mediante la presente Pol\u00edtica de privacidad informarte de c\u00f3mo recabamos y c\u00f3mo tratamos o utilizamos dichos datos.<\/p><p>En esta pol\u00edtica de privacidad se establecen las bases sobre las que la empresa, trata los datos de car\u00e1cter personal que voluntariamente nos facilitan nuestros usuarios a trav\u00e9s de la p\u00e1gina web.<\/p><p>Esta Pol\u00edtica siempre ser\u00e1 aplicable cuando se faciliten datos a la empresa, el cual ser\u00e1 responsable de sus datos (Responsable del Tratamiento de los Datos), y a trav\u00e9s de cualquiera de los formularios de contacto o suscripci\u00f3n donde se recojan datos de car\u00e1cter personal (nombre, email, etc.).<\/p><h3>A QU\u00c9 NOS COMPROMETEMOS<\/h3><ul><li>A respetar la privacidad de nuestros usuarios y tratar los datos personales con el consentimiento de los mismos.<\/li><li>A tratar los datos personales que estrictamente necesitemos para dar el servicio solicitado, y tratarlos de forma segura y confidencial, tomando las medidas necesarias para evitar el acceso no autorizado y el uso indebido de los mismos.<\/li><li>A no utilizar los datos personales para finalidades para las que no hemos obtenido previamente el consentimiento.<\/li><li>A no dar los datos personales a terceros ni compartirlos.<\/li><li>A conservar los datos personales durante el tiempo estrictamente necesario para la finalidad concreta para la que han sido proporcionados.<\/li><\/ul><table border=\"1\" cellpadding=\"10\"><tbody><tr><th>Nombre de la empresa<\/th><td>MARQUEZ SANCHEZ, MANUEL JOSE<\/td><\/tr><tr><th>38774655J<\/th><td>38774655J<\/td><\/tr><tr><th>Calle<\/th><td>C\/ MURALLA SANT LLORENS, 2<\/td><\/tr><tr><th>C\u00f3digo Postal<\/th><td>08302<\/td><\/tr><tr><th>Localidad<\/th><td>MATARO<\/td><\/tr><tr><th>Provincia<\/th><td>BARCELONA<\/td><\/tr><\/tbody><\/table><h3>QU\u00c9 ES UN DATO PERSONAL Y EL TRATAMIENTO DE DATOS PERSONALES<\/h3><p>Un dato personal es toda informaci\u00f3n sobre una persona f\u00edsica identificada o identificable. Se considera persona f\u00edsica identificable toda persona cuya identidad pueda determinarse directa o indirectamente, en particular mediante un identificador, como por ejemplo un nombre, un n\u00famero de identificaci\u00f3n, datos de localizaci\u00f3n, un identificador en l\u00ednea o uno o varios elementos propios de la identidad f\u00edsica, fisiol\u00f3gica, gen\u00e9tica, ps\u00edquica, econ\u00f3mica, cultural o social de dicha persona. <\/p><p>Asimismo, el tratamiento de datos personales implica cualquier operaci\u00f3n o conjunto de operaciones realizadas sobre datos personales o conjuntos de datos personales, ya sea por procedimientos automatizados o no, como la recogida, registro, organizaci\u00f3n, estructuraci\u00f3n, conservaci\u00f3n, adaptaci\u00f3n o modificaci\u00f3n, extracci\u00f3n, consulta, utilizaci\u00f3n, comunicaci\u00f3n por transmisi\u00f3n, difusi\u00f3n o cualquier otra forma de habilitaci\u00f3n de acceso, cotejo o interconexi\u00f3n, limitaci\u00f3n, supresi\u00f3n o destrucci\u00f3n.<\/p><h3>QU\u00c9 TRATAMIENTOS REALIZAMOS SOBRE SUS DATOS PERSONALES Y PARA QU\u00c9 FINALIDADES<\/h3><ul><li><strong>Solicitud de informaci\u00f3n por parte del usuario<\/strong> Gestionar la solicitud de informaci\u00f3n remitida por parte del usuario a trav\u00e9s del formulario de contacto y\/o la direcci\u00f3n de correo electr\u00f3nico, correo postal y\/o n\u00famero de tel\u00e9fono facilitado a trav\u00e9s del sitio web.<\/li><li><strong>Suscripci\u00f3n a newsletter<\/strong> Gestionar la suscripci\u00f3n al env\u00edo de newsletter<\/li><li><strong>Trabajar con nosotros mediante el env\u00edo del curr\u00edculum<\/strong> Gesti\u00f3n de los CV recibidos a trav\u00e9s del formulario disponible en el sitio web.<\/li><li><strong>Alta y acceso al perfil de usuario<\/strong> Gesti\u00f3n del alta y del acceso al portal de usuario mediante la correspondiente cuenta de usuario y contrase\u00f1a.<\/li><li><strong>Gesti\u00f3n de los comentarios en el blog.<\/strong><\/li><li>Gestionar el env\u00edo y recepci\u00f3n de los comentarios que el usuario haya dejado en el blog.<\/li><\/ul><h3>QU\u00c9 DATOS PERSONALES CAPTAMOS<\/h3><p>A trav\u00e9s de nuestra p\u00e1gina web podemos recabar datos personales para diferentes finalidades:<\/p><ul><li><strong>Solicitud de informaci\u00f3n por parte del usuario<\/strong> Captaremos aquellos datos personales que nos haya facilitado con motivo de la consulta planteada.<\/li><li><strong>Suscripci\u00f3n a newsletter<\/strong> Captaremos su direcci\u00f3n de correo electr\u00f3nico.<\/li><li><strong>Trabaja con nosotros mediante el env\u00edo de curr\u00edculum <\/strong>Captaremos la informaci\u00f3n contenida en el CV que nos haya facilitado.<\/li><li><strong>Alta y acceso al perfil de usuario<\/strong> Nombre de usuario y contrase\u00f1a, as\u00ed como cualquier otro dato que se haya facilitado con el fin de crear la cuenta o perfil.<\/li><li><strong>Gesti\u00f3n de los comentarios en el blog.<\/strong> Cualquier dato que se haya facilitado al publicar el correspondiente comentario.<\/li><\/ul><p>Dependiendo de la finalidad para la que se aportan los datos, ser\u00e1n requeridos los datos estrictamente necesarios. Es importante que el usuario sea consciente de los datos que aporta y la finalidad para la que lo hace porque en el momento que los facilita, est\u00e1 aceptando que recopilemos, almacenemos y usemos dichos datos para la finalidad requerida, pudiendo en cualquier momento retirar el consentimiento prestado por los cauces oportunos siendo el consentimiento del interesado la base legal y legitimaci\u00f3n para el tratamiento de sus datos personales. <\/p><h3>CU\u00c1L ES LA LEGITIMACI\u00d3N PARA EL TRATAMIENTO DE LOS DATOS PERSONALES<\/h3><p>De acuerdo con la normativa vigente en materia de protecci\u00f3n de datos, necesitamos una base de legitimaci\u00f3n para el tratamiento de sus datos personales. La base de legitimaci\u00f3n es su consentimiento. <\/p><h3>QU\u00c9 DERECHOS TIENE SOBRE LOS DATOS PERSONALES APORTADOS<\/h3><p>Como usuario, puede ejercitar los siguientes derechos:<\/p><ul><li>Derecho de acceso: Tiene derecho a obtener por parte de la empresa confirmaci\u00f3n de si se est\u00e1n tratando o no sus datos personales que, y en su caso, qu\u00e9 datos trata.<\/li><li>Derecho de rectificaci\u00f3n: Tiene derecho a obtener por parte de MARQUEZ SANCHEZ, MANUEL JOSE, la rectificaci\u00f3n de los datos personales inexactos que le conciernan. En la solicitud de rectificaci\u00f3n deber\u00e1 indicar los datos que desea que se modifiquen. <\/li><li>Derecho de oposici\u00f3n: Tiene derecho a oponerse en cualquier momento, por motivos relacionados con su situaci\u00f3n particular, a que datos personales que le conciernan sean objeto de un tratamiento basado en el inter\u00e9s leg\u00edtimo de la empresa. En ese caso, la empresa dejar\u00e1 de tratar los datos personales, salvo que acreditemos motivos leg\u00edtimos imperiosos para el tratamiento que prevalezcan sobre sus intereses, derechos y libertades, o para la formulaci\u00f3n, el ejercicio o la defensa de reclamaciones. <\/li><li>Derecho de supresi\u00f3n: Tiene derecho a obtener por parte de MARQUEZ SANCHEZ, MANUEL JOSE, la supresi\u00f3n de los datos personales que le conciernan.<\/li><li>Derecho a la portabilidad de los datos: Tiene derecho a que la empresa transfiera sus datos personales a otro responsable del tratamiento. Solo es posible ejercer este derecho cuando el tratamiento est\u00e9 basado en la ejecuci\u00f3n de un contrato o en su consentimiento y el tratamiento se realice por medios automatizados. <\/li><li>Derecho a la limitaci\u00f3n del tratamiento: Tiene derecho a solicitarnos que suspendamos el tratamiento de sus datos cuando: impugne la exactitud de los datos, mientras MARQUEZ SANCHEZ, MANUEL JOSE verifica dicha exactitud; haya ejercido el derecho de oposici\u00f3n al tratamiento de sus datos, mientras que se verifica si los motivos leg\u00edtimos de MARQUEZ SANCHEZ, MANUEL JOSE prevalecen sobre los suyos como interesado.<\/li><\/ul><p>En cualquier momento, podr\u00e1 ejercitar estos Derechos, mediante un escrito y acreditando su personalidad dirigido al responsable del tratamiento a la direcci\u00f3n se\u00f1alada anteriormente, o a trav\u00e9s de la direcci\u00f3n de correo electr\u00f3nico: <a href=\"mailto:%20MANELMARQUEZ2@GMAIL.COM\">MANELMARQUEZ2@GMAIL.COM<\/a>.<\/p><p>Adem\u00e1s, podr\u00e1 presentar una reclamaci\u00f3n ante la autoridad de control, en este caso, la Agencia Espa\u00f1ola de Protecci\u00f3n de Datos, si considera que el tratamiento de datos personales infringe la legislaci\u00f3n aplicable<\/p><h3>SEGURIDAD Y ALMACENAMIENTO DE LOS DATOS<\/h3><p>Mantendremos los datos durante el tiempo estrictamente necesario para la prestaci\u00f3n del servicio solicitado y mientras el titular no solicite su eliminaci\u00f3n, adoptando las medidas adecuadas de car\u00e1cter t\u00e9cnico y organizativo contra el tratamiento no autorizado o il\u00edcito y contra su p\u00e9rdida, destrucci\u00f3n o da\u00f1o accidentales, haciendo todo lo posible por protegerlos y mantenerlos de forma segura.<\/p><h3>QU\u00c9 DATOS PERSONALES COMPARTIMOS CON TERCEROS<\/h3><p>No se prev\u00e9n cesiones de datos salvo en aquellos casos en que exista una obligaci\u00f3n legal o comunicaci\u00f3n necesaria para poder prestarle el servicio solicitado adecuadamente. No hay previsi\u00f3n de transferencias de datos internacionales. <\/p>\t\t\t\t\t\t\t\t<\/div>\n\t\t\t\t<\/div>\n\t\t\t\t\t<\/div>\n\t\t<\/div>\n\t\t\t\t\t<\/div>\n\t\t<\/section>\n\t\t\t\t<\/div>\n\t\t","protected":false},"excerpt":{"rendered":"<p>POL\u00cdTICA DE PRIVACIDAD DEL SITIO WEB Somos una empresa en la que la transparencia en la informaci\u00f3n es fundamental para establecer una relaci\u00f3n de confianza con las personas que forman nuestro proyecto y con nuestros proveedores y clientes, siendo la protecci\u00f3n de los datos personales de las personas que conf\u00edan en nosotros de vital importancia, [&hellip;]<\/p>\n","protected":false},"author":1,"featured_media":0,"parent":0,"menu_order":0,"comment_status":"closed","ping_status":"closed","template":"elementor_header_footer","meta":{"footnotes":""},"class_list":["post-3538","page","type-page","status-publish","hentry"],"_links":{"self":[{"href":"https:\/\/llibreriamarquez.com\/ca\/wp-json\/wp\/v2\/pages\/3538","targetHints":{"allow":["GET"]}}],"collection":[{"href":"https:\/\/llibreriamarquez.com\/ca\/wp-json\/wp\/v2\/pages"}],"about":[{"href":"https:\/\/llibreriamarquez.com\/ca\/wp-json\/wp\/v2\/types\/page"}],"author":[{"embeddable":true,"href":"https:\/\/llibreriamarquez.com\/ca\/wp-json\/wp\/v2\/users\/1"}],"replies":[{"embeddable":true,"href":"https:\/\/llibreriamarquez.com\/ca\/wp-json\/wp\/v2\/comments?post=3538"}],"version-history":[{"count":1,"href":"https:\/\/llibreriamarquez.com\/ca\/wp-json\/wp\/v2\/pages\/3538\/revisions"}],"predecessor-version":[{"id":3539,"href":"https:\/\/llibreriamarquez.com\/ca\/wp-json\/wp\/v2\/pages\/3538\/revisions\/3539"}],"wp:attachment":[{"href":"https:\/\/llibreriamarquez.com\/ca\/wp-json\/wp\/v2\/media?parent=3538"}],"curies":[{"name":"wp","href":"https:\/\/api.w.org\/{rel}","templated":true}]}}